{"id":2,"date":"2024-03-18T10:34:10","date_gmt":"2024-03-18T13:34:10","guid":{"rendered":"http:\/\/porelmundotur.com\/?page_id=2"},"modified":"2025-08-22T15:51:33","modified_gmt":"2025-08-22T18:51:33","slug":"pagina-ejemplo","status":"publish","type":"page","link":"https:\/\/porelmundotur.com\/","title":{"rendered":"Inicio"},"content":{"rendered":"<p>[vc_row full_width=&#8221;stretch_row_content_no_spaces&#8221;][vc_column][vc_images_carousel images=&#8221;49,50,47,48,46&#8243; img_size=&#8221;2000X600&#8243; onclick=&#8221;custom_link&#8221; custom_links_target=&#8221;_blank&#8221; autoplay=&#8221;yes&#8221; wrap=&#8221;yes&#8221; custom_links=&#8221;#E-8_aHR0cHMlM0ElMkYlMkZ3YS5tZSUyRjU0OTExNjg5MjMzNjUlMjBfYmxhbms=&#8221;][\/vc_column][\/vc_row][vc_row][vc_column][vc_custom_heading text=&#8221;POR EL MUNDO TURISMO, bienvenidos!&#8221; font_container=&#8221;tag:h2|font_size:30|text_align:center|color:%239fd677&#8243; google_fonts=&#8221;font_family:Montserrat%3Aregular%2C700|font_style:700%20bold%20regular%3A700%3Anormal&#8221;][\/vc_column][\/vc_row][vc_row][vc_column css=&#8221;.vc_custom_1739290998136{margin-bottom: 30px !important;}&#8221;][vc_text_separator title=&#8221;SELECCI\u00d3N DE VIAJES DESTACADOS&#8221; i_icon_fontawesome=&#8221;fas fa-globe&#8221; i_color=&#8221;mulled_wine&#8221; color=&#8221;mulled_wine&#8221; border_width=&#8221;2&#8243; add_icon=&#8221;true&#8221; css=&#8221;.vc_custom_1738854725878{margin-bottom: -25px !important;}&#8221;][\/vc_column][\/vc_row][vc_row gap=&#8221;5&#8243;][vc_column width=&#8221;1\/4&#8243; css=&#8221;.vc_custom_1739290975664{background-color: #efefef !important;}&#8221;][vc_single_image image=&#8221;196&#8243; img_size=&#8221;913&#215;1280&#8243; alignment=&#8221;center&#8221; onclick=&#8221;custom_link&#8221; img_link_target=&#8221;_blank&#8221; link=&#8221;https:\/\/wa.me\/5491168923365&#8243;][vc_column_text css=&#8221;.vc_custom_1755884608631{margin-top: -30px !important;border-top-width: 0px !important;border-bottom-width: 1px !important;padding-bottom: 1px !important;}&#8221;]<\/p>\n<h2 style=\"text-align: center;\"><a href=\"https:\/\/wa.me\/5491168923365 _blank\"><strong>MERLO &#8211; SAN LUIS<\/strong><\/a><\/h2>\n<p>[\/vc_column_text][vc_column_text css=&#8221;.vc_custom_1755884738007{margin-bottom: -1px !important;}&#8221;]<\/p>\n<p style=\"text-align: center;\"><span style=\"vertical-align: inherit;\"><span style=\"vertical-align: inherit;\"><span style=\"color: #800080;\"><strong><span style=\"vertical-align: inherit;\"><span style=\"vertical-align: inherit;\">SALIDAS NOVIEMBRE 25<\/span><\/span><\/strong><\/span><br \/>\n3 Noches Hotel Grupo Clima + Bus Semicama + Pensi\u00f3n completa + traslados<br \/>\n<\/span><\/span><\/p>\n<p>[\/vc_column_text][vc_btn title=&#8221;$259.990 base doble&#8221; color=&#8221;green&#8221; align=&#8221;center&#8221; i_icon_fontawesome=&#8221;fas fa-hand-point-right&#8221; button_block=&#8221;true&#8221; add_icon=&#8221;true&#8221; link=&#8221;url:https%3A%2F%2Fwa.me%2F5491168923365%20_blank&#8221;][\/vc_column][vc_column width=&#8221;1\/4&#8243; css=&#8221;.vc_custom_1715472443517{background-color: #efefef !important;}&#8221;][vc_single_image image=&#8221;197&#8243; img_size=&#8221;300X420&#8243; alignment=&#8221;center&#8221; onclick=&#8221;custom_link&#8221; img_link_target=&#8221;_blank&#8221; link=&#8221;https:\/\/wa.me\/5491168923365&#8243;][vc_column_text css=&#8221;.vc_custom_1755884989271{margin-top: -25px !important;border-bottom-width: 1px !important;padding-bottom: 0px !important;}&#8221;]<\/p>\n<h2 style=\"text-align: center;\"><a href=\"https:\/\/wa.me\/5491168923365 _blank\"><strong><span style=\"vertical-align: inherit;\"><span style=\"vertical-align: inherit;\">CATARATAS<\/span><\/span><\/strong><\/a><\/h2>\n<p>[\/vc_column_text][vc_column_text css=&#8221;.vc_custom_1755887020575{margin-top: -30px !important;margin-bottom: 15px !important;}&#8221;]<\/p>\n<p style=\"text-align: center;\"><span style=\"vertical-align: inherit;\"><span style=\"vertical-align: inherit;\"><span style=\"vertical-align: inherit;\"><span style=\"vertical-align: inherit;\"><span style=\"color: #993366;\"><strong>SALIDA VERANO 26<\/strong><\/span><br \/>\n<\/span><\/span><span style=\"vertical-align: inherit;\"><span style=\"vertical-align: inherit;\">A\u00e9reo + Traslados + 3 Noches Hotel Village Cataratas + Excursi\u00f3n Cataratas lado Argentino + Asistencia al Viajero<\/span><\/span><\/span><\/span><\/p>\n<p>[\/vc_column_text][vc_btn title=&#8221;6 cuotas de $98.995&#8243; color=&#8221;green&#8221; align=&#8221;center&#8221; i_icon_fontawesome=&#8221;fas fa-hand-point-right&#8221; button_block=&#8221;true&#8221; add_icon=&#8221;true&#8221; link=&#8221;url:https%3A%2F%2Fwa.me%2F5491168923365|target:_blank&#8221;][\/vc_column][vc_column width=&#8221;1\/4&#8243; css=&#8221;.vc_custom_1715472452692{background-color: #efefef !important;}&#8221;][vc_single_image image=&#8221;198&#8243; img_size=&#8221;913&#215;1280&#8243; alignment=&#8221;center&#8221; onclick=&#8221;custom_link&#8221; img_link_target=&#8221;_blank&#8221; link=&#8221;https:\/\/wa.me\/5491168923365&#8243;][vc_column_text css=&#8221;.vc_custom_1755887116816{margin-top: -30px !important;border-bottom-width: 1px !important;}&#8221;]<\/p>\n<h2 style=\"text-align: center;\"><a href=\"https:\/\/wa.me\/5491168923365 _blank\"><strong>PUERTO MADRYN<\/strong><\/a><\/h2>\n<p>[\/vc_column_text][vc_column_text css=&#8221;.vc_custom_1755887232793{margin-top: -30px !important;margin-bottom: -1px !important;}&#8221;]<\/p>\n<p style=\"text-align: center;\"><span style=\"vertical-align: inherit;\"><span style=\"vertical-align: inherit;\"><span style=\"vertical-align: inherit;\"><span style=\"vertical-align: inherit;\"><span style=\"color: #993366;\"><strong>SALIDA VERANO 26<\/strong><br \/>\n<\/span><\/span><\/span><\/span><\/span><span style=\"vertical-align: inherit;\"><span style=\"vertical-align: inherit;\"><span style=\"vertical-align: inherit;\"><span style=\"vertical-align: inherit;\">A\u00e9reo + 3 Noches Posada Puerto Madryn+ Desayuno + Traslados y Asistencia al Viajero<br \/>\n<\/span><\/span><\/span><\/span><\/p>\n<p>[\/vc_column_text][vc_btn title=&#8221;6 cuotas de $99.995&#8243; color=&#8221;green&#8221; align=&#8221;center&#8221; i_icon_fontawesome=&#8221;fas fa-hand-point-right&#8221; button_block=&#8221;true&#8221; add_icon=&#8221;true&#8221; link=&#8221;url:https%3A%2F%2Fwa.me%2F5491168923365|target:_blank&#8221;][\/vc_column][vc_column width=&#8221;1\/4&#8243; css=&#8221;.vc_custom_1715472432577{background-color: #efefef !important;}&#8221;][vc_single_image image=&#8221;144&#8243; img_size=&#8221;913&#215;1280&#8243; alignment=&#8221;center&#8221; onclick=&#8221;custom_link&#8221; img_link_target=&#8221;_blank&#8221; link=&#8221;https:\/\/wa.me\/5491168923365&#8243;][vc_column_text css=&#8221;.vc_custom_1739295655555{margin-top: -30px !important;border-top-width: 0px !important;border-bottom-width: 1px !important;}&#8221;]<\/p>\n<h2 style=\"text-align: center;\"><a href=\"https:\/\/wa.me\/5491168923365 _blank\"><strong>DUBAI Y ABU DHABI<\/strong><\/a><\/h2>\n<p>[\/vc_column_text][vc_column_text css=&#8221;.vc_custom_1755884854871{margin-top: -26px !important;margin-bottom: -1px !important;}&#8221;]<\/p>\n<p style=\"text-align: center;\"><span style=\"vertical-align: inherit;\"><span style=\"vertical-align: inherit;\"><span style=\"vertical-align: inherit;\"><span style=\"vertical-align: inherit;\"><span style=\"color: #800080;\"><strong>SALIDA GRUPAL<\/strong><\/span><br \/>\n17 de Sep, 8 y 18 de Oct<br \/>\n<\/span><\/span><\/span><\/span>A\u00e9reo con Emirates +<br \/>\n7 en Dubai y 3 en Abu Dhabi + desayuno y 3 Cenas + Traslados y Excursiones.<\/p>\n<p>[\/vc_column_text][vc_btn title=&#8221;U$D 2.949&#8243; color=&#8221;green&#8221; align=&#8221;center&#8221; i_icon_fontawesome=&#8221;fas fa-thumbs-up&#8221; button_block=&#8221;true&#8221; add_icon=&#8221;true&#8221; link=&#8221;url:https%3A%2F%2Fwa.me%2F5491168923365|target:_blank&#8221;][\/vc_column][\/vc_row][vc_row gap=&#8221;5&#8243;][vc_column width=&#8221;1\/4&#8243; css=&#8221;.vc_custom_1739290975664{background-color: #efefef !important;}&#8221;][vc_single_image image=&#8221;200&#8243; img_size=&#8221;913&#215;1280&#8243; alignment=&#8221;center&#8221; onclick=&#8221;custom_link&#8221; img_link_target=&#8221;_blank&#8221; link=&#8221;https:\/\/wa.me\/5491168923365&#8243;][vc_column_text css=&#8221;.vc_custom_1755887454971{margin-top: -30px !important;border-top-width: 0px !important;border-bottom-width: 1px !important;padding-bottom: 1px !important;}&#8221;]<\/p>\n<h2 style=\"text-align: center;\"><a href=\"https:\/\/wa.me\/5491168923365 _blank\"><strong>FLORIANOPOLIS<\/strong><\/a><\/h2>\n<p>[\/vc_column_text][vc_column_text css=&#8221;.vc_custom_1755887744692{margin-top: -30px !important;margin-bottom: -1px !important;}&#8221;]<\/p>\n<p style=\"text-align: center;\"><span style=\"vertical-align: inherit;\"><span style=\"vertical-align: inherit;\"><span style=\"color: #800080;\"><strong><span style=\"vertical-align: inherit;\"><span style=\"vertical-align: inherit;\">SALIDAS VERANO 26<\/span><\/span><\/strong><\/span><br \/>\n7 Noches Hotel Mar de Canasvieiras + Desayuno + A\u00e9reo directo c\/equipaje + Traslados y asistencia al viajero<br \/>\n<span style=\"color: #99cc00;\">Valor por persona<\/span><\/span><\/span><\/p>\n<p>[\/vc_column_text][vc_btn title=&#8221;7 cuotas de U$D 133&#8243; color=&#8221;green&#8221; align=&#8221;center&#8221; i_icon_fontawesome=&#8221;fas fa-hand-point-right&#8221; button_block=&#8221;true&#8221; add_icon=&#8221;true&#8221; link=&#8221;url:https%3A%2F%2Fwa.me%2F5491168923365%20_blank&#8221;][\/vc_column][vc_column width=&#8221;1\/4&#8243; css=&#8221;.vc_custom_1715472443517{background-color: #efefef !important;}&#8221;][vc_single_image image=&#8221;201&#8243; img_size=&#8221;300X420&#8243; alignment=&#8221;center&#8221; onclick=&#8221;custom_link&#8221; img_link_target=&#8221;_blank&#8221; link=&#8221;https:\/\/wa.me\/5491168923365&#8243;][vc_column_text css=&#8221;.vc_custom_1745448800969{margin-top: -25px !important;border-bottom-width: 1px !important;padding-bottom: 0px !important;}&#8221;]<\/p>\n<h2 style=\"text-align: center;\"><a href=\"https:\/\/wa.me\/5491168923365 _blank\"><strong><span style=\"vertical-align: inherit;\"><span style=\"vertical-align: inherit;\">SALVADOR DE BAHIA<\/span><\/span><\/strong><\/a><\/h2>\n<p>[\/vc_column_text][vc_column_text css=&#8221;.vc_custom_1755887762124{margin-top: -30px !important;margin-bottom: -1px !important;}&#8221;]<\/p>\n<p style=\"text-align: center;\"><span style=\"vertical-align: inherit;\"><span style=\"color: #800080;\"><strong>SALIDAS VERANO 26<\/strong><\/span><br \/>\n7 Noches Hotel Pires + Desayuno + A\u00e9reo directo c\/equipaje + Traslados y asistencia al viajero<br \/>\n<span style=\"color: #99cc00;\">Valor por persona<\/span><\/span><\/p>\n<p>[\/vc_column_text][vc_btn title=&#8221;7 cuotas de U$D 156&#8243; color=&#8221;green&#8221; align=&#8221;center&#8221; i_icon_fontawesome=&#8221;fas fa-hand-point-right&#8221; button_block=&#8221;true&#8221; add_icon=&#8221;true&#8221; link=&#8221;url:https%3A%2F%2Fwa.me%2F5491168923365|target:_blank&#8221;][\/vc_column][vc_column width=&#8221;1\/4&#8243; css=&#8221;.vc_custom_1715472432577{background-color: #efefef !important;}&#8221;][vc_single_image image=&#8221;203&#8243; img_size=&#8221;300X420&#8243; alignment=&#8221;center&#8221; onclick=&#8221;custom_link&#8221; img_link_target=&#8221;_blank&#8221; link=&#8221;https:\/\/wa.me\/5491168923365&#8243;][vc_column_text css=&#8221;.vc_custom_1755888370933{margin-top: -30px !important;border-top-width: 0px !important;border-bottom-width: 1px !important;}&#8221;]<\/p>\n<h2 style=\"text-align: center;\"><a href=\"https:\/\/wa.me\/5491168923365 _blank\"><strong>DISNEY EUROPA<\/strong><\/a><\/h2>\n<p>[\/vc_column_text][vc_column_text css=&#8221;.vc_custom_1755888581155{margin-top: -26px !important;margin-bottom: -1px !important;}&#8221;]<\/p>\n<p style=\"text-align: center;\"><span style=\"vertical-align: inherit;\"><span style=\"vertical-align: inherit;\"><span style=\"vertical-align: inherit;\"><span style=\"vertical-align: inherit;\"><span style=\"color: #800080;\"><strong>FESTEJ\u00c1 TUS 15 CON AMIGAS<\/strong><\/span><br \/>\n<\/span><\/span><\/span><\/span>Con Enjoy15 y Por el Mundo Viajes empez\u00e1 a planificar tu viaje hoy<br \/>\n<span style=\"color: #99cc00;\">Escribinos para m\u00e1s informaci\u00f3n y viv\u00ed tu viaje desde ahora<\/span><\/p>\n<p>[\/vc_column_text][vc_btn title=&#8221;RESERVAR!&#8221; color=&#8221;green&#8221; align=&#8221;center&#8221; i_icon_fontawesome=&#8221;fas fa-thumbs-up&#8221; button_block=&#8221;true&#8221; add_icon=&#8221;true&#8221; link=&#8221;url:https%3A%2F%2Fwa.me%2F5491168923365|target:_blank&#8221;][\/vc_column][\/vc_row][vc_row][vc_column][vc_custom_heading text=&#8221;\u00a1TUS VACACIONES EN ARGENTINA EST\u00c1N AQU\u00cd!&#8221; font_container=&#8221;tag:h2|text_align:center|color:%23225fd8&#8243; use_theme_fonts=&#8221;yes&#8221; css=&#8221;.vc_custom_1755888683366{margin-top: 10px !important;}&#8221;][\/vc_column][\/vc_row][vc_row gap=&#8221;5&#8243;][vc_column][\/vc_column][\/vc_row][vc_row][vc_column][vc_empty_space][\/vc_column][\/vc_row][vc_row full_width=&#8221;stretch_row_content_no_spaces&#8221; css=&#8221;.vc_custom_1715478710438{background-color: #efefef !important;}&#8221;][vc_column width=&#8221;1\/4&#8243;][vc_single_image image=&#8221;32&#8243; img_size=&#8221;100X100&#8243; alignment=&#8221;center&#8221;][\/vc_column][vc_column width=&#8221;1\/4&#8243;][vc_column_text]<span style=\"color: #339966;\"><strong>AGENCIA DE VIAJES<\/strong><\/span><br \/>\nEVT Leg. N\u00b0 13.530[\/vc_column_text][\/vc_column][vc_column width=&#8221;1\/4&#8243;][vc_column_text]<span style=\"color: #339966;\"><b>OFICINAS EN CAMPANA<\/b><\/span><br \/>\n9 de Julio 939<br \/>\nB2804 Campana<br \/>\nProvincia de Buenos Aires[\/vc_column_text][\/vc_column][vc_column width=&#8221;1\/4&#8243;][vc_column_text][\/vc_column_text][\/vc_column][\/vc_row]<\/p>\n","protected":false},"excerpt":{"rendered":"<p>[vc_row full_width=&#8221;stretch_row_content_no_spaces&#8221;][vc_column][vc_images_carousel images=&#8221;49,50,47,48,46&#8243; img_size=&#8221;2000X600&#8243; onclick=&#8221;custom_link&#8221; custom_links_target=&#8221;_blank&#8221; autoplay=&#8221;yes&#8221; wrap=&#8221;yes&#8221; custom_links=&#8221;#E-8_aHR0cHMlM0ElMkYlMkZ3YS5tZSUyRjU0OTExNjg5MjMzNjUlMjBfYmxhbms=&#8221;][\/vc_column][\/vc_row][vc_row][vc_column][vc_custom_heading text=&#8221;POR EL MUNDO TURISMO, bienvenidos!&#8221; font_container=&#8221;tag:h2|font_size:30|text_align:center|color:%239fd677&#8243; google_fonts=&#8221;font_family:Montserrat%3Aregular%2C700|font_style:700%20bold%20regular%3A700%3Anormal&#8221;][\/vc_column][\/vc_row][vc_row][vc_column css=&#8221;.vc_custom_1739290998136{margin-bottom: 30px !important;}&#8221;][vc_text_separator title=&#8221;SELECCI\u00d3N DE VIAJES DESTACADOS&#8221; i_icon_fontawesome=&#8221;fas fa-globe&#8221; i_color=&#8221;mulled_wine&#8221; color=&#8221;mulled_wine&#8221; border_width=&#8221;2&#8243; add_icon=&#8221;true&#8221; css=&#8221;.vc_custom_1738854725878{margin-bottom: -25px !important;}&#8221;][\/vc_column][\/vc_row][vc_row gap=&#8221;5&#8243;][vc_column width=&#8221;1\/4&#8243; css=&#8221;.vc_custom_1739290975664{background-color: #efefef !important;}&#8221;][vc_single_image image=&#8221;196&#8243; img_size=&#8221;913&#215;1280&#8243; alignment=&#8221;center&#8221; onclick=&#8221;custom_link&#8221; img_link_target=&#8221;_blank&#8221; link=&#8221;https:\/\/wa.me\/5491168923365&#8243;][vc_column_text css=&#8221;.vc_custom_1755884608631{margin-top: -30px !important;border-top-width: 0px !important;border-bottom-width: 1px !important;padding-bottom: 1px !important;}&#8221;]<\/p>\n","protected":false},"author":1,"featured_media":0,"parent":0,"menu_order":0,"comment_status":"closed","ping_status":"closed","template":"page-fullwidth.php","meta":{"footnotes":""},"class_list":["post-2","page","type-page","status-publish","hentry"],"yoast_head":"<!-- This site is optimized with the Yoast SEO plugin v22.6 - https:\/\/yoast.com\/wordpress\/plugins\/seo\/ -->\n<title>Inicio - POR EL MUNDO TURISMO<\/title>\n<meta name=\"description\" content=\"Viajes por Argentina y el Mundo, A\u00e9reos, Hoteles, Cruceros, Paquetes, Salidas Grupales, Renta Car, Asistencia al Viajero\" \/>\n<meta name=\"robots\" content=\"index, follow, max-snippet:-1, max-image-preview:large, max-video-preview:-1\" \/>\n<link rel=\"canonical\" href=\"https:\/\/porelmundotur.com\/\" \/>\n<meta property=\"og:locale\" content=\"es_ES\" \/>\n<meta property=\"og:type\" content=\"article\" \/>\n<meta property=\"og:title\" content=\"Inicio - POR EL MUNDO TURISMO\" \/>\n<meta property=\"og:description\" content=\"Viajes por Argentina y el Mundo, A\u00e9reos, Hoteles, Cruceros, Paquetes, Salidas Grupales, Renta Car, Asistencia al Viajero\" \/>\n<meta property=\"og:url\" content=\"https:\/\/porelmundotur.com\/\" \/>\n<meta property=\"og:site_name\" content=\"POR EL MUNDO TURISMO\" \/>\n<meta property=\"article:modified_time\" content=\"2025-08-22T18:51:33+00:00\" \/>\n<meta name=\"twitter:card\" content=\"summary_large_image\" \/>\n<meta name=\"twitter:label1\" content=\"Tiempo de lectura\" \/>\n\t<meta name=\"twitter:data1\" content=\"5 minutos\" \/>\n<script type=\"application\/ld+json\" class=\"yoast-schema-graph\">{\"@context\":\"https:\/\/schema.org\",\"@graph\":[{\"@type\":\"WebPage\",\"@id\":\"https:\/\/porelmundotur.com\/\",\"url\":\"https:\/\/porelmundotur.com\/\",\"name\":\"Inicio - POR EL MUNDO TURISMO\",\"isPartOf\":{\"@id\":\"https:\/\/porelmundotur.com\/#website\"},\"datePublished\":\"2024-03-18T13:34:10+00:00\",\"dateModified\":\"2025-08-22T18:51:33+00:00\",\"description\":\"Viajes por Argentina y el Mundo, A\u00e9reos, Hoteles, Cruceros, Paquetes, Salidas Grupales, Renta Car, Asistencia al Viajero\",\"breadcrumb\":{\"@id\":\"https:\/\/porelmundotur.com\/#breadcrumb\"},\"inLanguage\":\"es-AR\",\"potentialAction\":[{\"@type\":\"ReadAction\",\"target\":[\"https:\/\/porelmundotur.com\/\"]}]},{\"@type\":\"BreadcrumbList\",\"@id\":\"https:\/\/porelmundotur.com\/#breadcrumb\",\"itemListElement\":[{\"@type\":\"ListItem\",\"position\":1,\"name\":\"Home\",\"item\":\"https:\/\/porelmundotur.com\/\"},{\"@type\":\"ListItem\",\"position\":2,\"name\":\"Inicio\"}]},{\"@type\":\"WebSite\",\"@id\":\"https:\/\/porelmundotur.com\/#website\",\"url\":\"https:\/\/porelmundotur.com\/\",\"name\":\"POR EL MUNDO TURISMO\",\"description\":\"Empresa de Viajes y Turismo\",\"potentialAction\":[{\"@type\":\"SearchAction\",\"target\":{\"@type\":\"EntryPoint\",\"urlTemplate\":\"https:\/\/porelmundotur.com\/?s={search_term_string}\"},\"query-input\":\"required name=search_term_string\"}],\"inLanguage\":\"es-AR\"}]}<\/script>\n<!-- \/ Yoast SEO plugin. -->","yoast_head_json":{"title":"Inicio - POR EL MUNDO TURISMO","description":"Viajes por Argentina y el Mundo, A\u00e9reos, Hoteles, Cruceros, Paquetes, Salidas Grupales, Renta Car, Asistencia al Viajero","robots":{"index":"index","follow":"follow","max-snippet":"max-snippet:-1","max-image-preview":"max-image-preview:large","max-video-preview":"max-video-preview:-1"},"canonical":"https:\/\/porelmundotur.com\/","og_locale":"es_ES","og_type":"article","og_title":"Inicio - POR EL MUNDO TURISMO","og_description":"Viajes por Argentina y el Mundo, A\u00e9reos, Hoteles, Cruceros, Paquetes, Salidas Grupales, Renta Car, Asistencia al Viajero","og_url":"https:\/\/porelmundotur.com\/","og_site_name":"POR EL MUNDO TURISMO","article_modified_time":"2025-08-22T18:51:33+00:00","twitter_card":"summary_large_image","twitter_misc":{"Tiempo de lectura":"5 minutos"},"schema":{"@context":"https:\/\/schema.org","@graph":[{"@type":"WebPage","@id":"https:\/\/porelmundotur.com\/","url":"https:\/\/porelmundotur.com\/","name":"Inicio - POR EL MUNDO TURISMO","isPartOf":{"@id":"https:\/\/porelmundotur.com\/#website"},"datePublished":"2024-03-18T13:34:10+00:00","dateModified":"2025-08-22T18:51:33+00:00","description":"Viajes por Argentina y el Mundo, A\u00e9reos, Hoteles, Cruceros, Paquetes, Salidas Grupales, Renta Car, Asistencia al Viajero","breadcrumb":{"@id":"https:\/\/porelmundotur.com\/#breadcrumb"},"inLanguage":"es-AR","potentialAction":[{"@type":"ReadAction","target":["https:\/\/porelmundotur.com\/"]}]},{"@type":"BreadcrumbList","@id":"https:\/\/porelmundotur.com\/#breadcrumb","itemListElement":[{"@type":"ListItem","position":1,"name":"Home","item":"https:\/\/porelmundotur.com\/"},{"@type":"ListItem","position":2,"name":"Inicio"}]},{"@type":"WebSite","@id":"https:\/\/porelmundotur.com\/#website","url":"https:\/\/porelmundotur.com\/","name":"POR EL MUNDO TURISMO","description":"Empresa de Viajes y Turismo","potentialAction":[{"@type":"SearchAction","target":{"@type":"EntryPoint","urlTemplate":"https:\/\/porelmundotur.com\/?s={search_term_string}"},"query-input":"required name=search_term_string"}],"inLanguage":"es-AR"}]}},"_links":{"self":[{"href":"https:\/\/porelmundotur.com\/index.php\/wp-json\/wp\/v2\/pages\/2"}],"collection":[{"href":"https:\/\/porelmundotur.com\/index.php\/wp-json\/wp\/v2\/pages"}],"about":[{"href":"https:\/\/porelmundotur.com\/index.php\/wp-json\/wp\/v2\/types\/page"}],"author":[{"embeddable":true,"href":"https:\/\/porelmundotur.com\/index.php\/wp-json\/wp\/v2\/users\/1"}],"replies":[{"embeddable":true,"href":"https:\/\/porelmundotur.com\/index.php\/wp-json\/wp\/v2\/comments?post=2"}],"version-history":[{"count":97,"href":"https:\/\/porelmundotur.com\/index.php\/wp-json\/wp\/v2\/pages\/2\/revisions"}],"predecessor-version":[{"id":70,"href":"https:\/\/porelmundotur.com\/index.php\/wp-json\/wp\/v2\/pages\/2\/revisions\/70"}],"wp:attachment":[{"href":"https:\/\/porelmundotur.com\/index.php\/wp-json\/wp\/v2\/media?parent=2"}],"curies":[{"name":"wp","href":"https:\/\/api.w.org\/{rel}","templated":true}]}}